{"id":1003,"date":"2025-05-07T21:19:57","date_gmt":"2025-05-07T19:19:57","guid":{"rendered":"https:\/\/vo-tum.de\/?page_id=1003"},"modified":"2025-07-15T16:09:09","modified_gmt":"2025-07-15T14:09:09","slug":"v-andy-bar","status":"publish","type":"page","link":"https:\/\/vo-tum.de\/en\/v-andy-bar\/","title":{"rendered":"V ANDY Bar"},"content":{"rendered":"<p><div class=\"fusion-fullwidth fullwidth-box fusion-builder-row-1 fusion-flex-container has-pattern-background has-mask-background nonhundred-percent-fullwidth non-hundred-percent-height-scrolling\" style=\"--awb-border-radius-top-left:0px;--awb-border-radius-top-right:0px;--awb-border-radius-bottom-right:0px;--awb-border-radius-bottom-left:0px;--awb-flex-wrap:wrap;\" ><div class=\"fusion-builder-row fusion-row fusion-flex-align-items-flex-start fusion-flex-content-wrap\" style=\"max-width:1248px;margin-left: calc(-4% \/ 2 );margin-right: calc(-4% \/ 2 );\"><div class=\"fusion-layout-column fusion_builder_column fusion-builder-column-0 fusion_builder_column_1_1 1_1 fusion-flex-column\" style=\"--awb-bg-color:#000000;--awb-bg-color-hover:#000000;--awb-bg-size:cover;--awb-width-large:100%;--awb-margin-top-large:0px;--awb-spacing-right-large:1.92%;--awb-margin-bottom-large:20px;--awb-spacing-left-large:1.92%;--awb-width-medium:100%;--awb-order-medium:0;--awb-spacing-right-medium:1.92%;--awb-spacing-left-medium:1.92%;--awb-width-small:100%;--awb-order-small:0;--awb-spacing-right-small:1.92%;--awb-spacing-left-small:1.92%;\"><div class=\"fusion-column-wrapper fusion-column-has-shadow fusion-flex-justify-content-flex-start fusion-content-layout-column\"><div class=\"fusion-title title fusion-title-1 fusion-no-small-visibility fusion-sep-none fusion-title-center fusion-title-text fusion-title-size-three\" style=\"--awb-text-color:#ffffff;--awb-margin-top:50px;--awb-margin-bottom:50px;--awb-margin-top-small:10px;--awb-margin-right-small:0px;--awb-margin-bottom-small:10px;--awb-margin-left-small:0px;--awb-font-size:30px;\"><h3 class=\"fusion-title-heading title-heading-center\" style=\"font-family:&quot;Playfair Display&quot;;font-style:normal;font-weight:400;margin:0;letter-spacing:3px;font-size:1em;\"><p>V ANDY Bar [\u02c8f\u025bn.di]<\/h3><\/div><div class=\"fusion-builder-row fusion-builder-row-inner fusion-row fusion-flex-align-items-flex-start fusion-flex-content-wrap\" style=\"--awb-flex-grow:0;--awb-flex-grow-medium:0;--awb-flex-grow-small:0;--awb-flex-shrink:0;--awb-flex-shrink-medium:0;--awb-flex-shrink-small:0;width:104% !important;max-width:104% !important;margin-left: calc(-4% \/ 2 );margin-right: calc(-4% \/ 2 );\"><div class=\"fusion-layout-column fusion_builder_column_inner fusion-builder-nested-column-0 fusion_builder_column_inner_1_2 1_2 fusion-flex-column\" style=\"--awb-bg-size:cover;--awb-width-large:50%;--awb-margin-top-large:0px;--awb-spacing-right-large:3.84%;--awb-margin-bottom-large:20px;--awb-spacing-left-large:3.84%;--awb-width-medium:50%;--awb-order-medium:0;--awb-spacing-right-medium:3.84%;--awb-spacing-left-medium:3.84%;--awb-width-small:100%;--awb-order-small:0;--awb-spacing-right-small:1.92%;--awb-spacing-left-small:1.92%;\"><div class=\"fusion-column-wrapper fusion-column-has-shadow fusion-flex-justify-content-flex-start fusion-content-layout-column\"><div class=\"fusion-video fusion-selfhosted-video\" style=\"max-width:100%;\"><div class=\"video-wrapper\"><video playsinline=\"true\" width=\"100%\" style=\"object-fit: cover;\" autoplay=\"true\" muted=\"true\" loop=\"true\" preload=\"auto\" controls=\"1\"><source src=\"https:\/\/vo-tum.de\/wp-content\/uploads\/2025\/05\/151_01_Social_Media_Februar_Votum_V_Andy_Bar_250211_01-1.mp4\" type=\"video\/mp4\">Sorry, your browser doesn&#039;t support embedded videos.<\/video><\/div><\/div><\/div><\/div><div class=\"fusion-layout-column fusion_builder_column_inner fusion-builder-nested-column-1 fusion_builder_column_inner_1_3 1_3 fusion-flex-column\" style=\"--awb-bg-size:cover;--awb-width-large:33.3333333333%;--awb-margin-top-large:0px;--awb-spacing-right-large:5.76%;--awb-margin-bottom-large:20px;--awb-spacing-left-large:5.76%;--awb-width-medium:33.3333333333%;--awb-order-medium:0;--awb-spacing-right-medium:5.76%;--awb-spacing-left-medium:5.76%;--awb-width-small:100%;--awb-order-small:0;--awb-spacing-right-small:1.92%;--awb-spacing-left-small:1.92%;\"><div class=\"fusion-column-wrapper fusion-column-has-shadow fusion-flex-justify-content-flex-start fusion-content-layout-column\"><div class=\"fusion-text fusion-text-1\" style=\"--awb-font-size:16px;--awb-text-color:#ffffff;\"><p data-start=\"100\" data-end=\"195\">Wir pr\u00e4sentieren Ihnen eine besondere Attraktion im nieders\u00e4chsischen Raum: die V ANDY Bar!<\/p>\n<p data-start=\"197\" data-end=\"401\">Was Sie erwartet:<br data-start=\"218\" data-end=\"221\" \/><span style=\"color: var(--awb-color1);\">Von <\/span>Mittwoch bis Samstag ab 21 Uhr<span style=\"color: var(--awb-color1);\"> laden wir Sie herzlich ein, an unserer stilvoll gestalteten Bar Platz zu nehmen \u2013 und ein au\u00dfergew\u00f6hnliches Geschmackserlebnis zu genie\u00dfen.<\/span><\/p>\n<p data-start=\"403\" data-end=\"524\"><span style=\"color: var(--awb-color1);\">F\u00fcr <\/span>65\u202fEuro<span style=\"color: var(--awb-color1);\"> servieren wir Ihnen <\/span>8 kreative Servings<span style=\"color: var(--awb-color1);\">, die sowohl <\/span>salzige als auch s\u00fc\u00dfe Komponenten<span style=\"color: var(--awb-color1);\"> vereinen.<\/span><\/p>\n<p data-start=\"526\" data-end=\"699\"><span style=\"color: var(--awb-color1);\">Ein perfekter Abschluss f\u00fcr Ihren Abend \u2013 ob nach dem Kino, einem Dinner in einem anderen Restaurant oder einfach, um <\/span>neue Aromen in entspannter Atmosph\u00e4re<span style=\"color: var(--awb-color1);\"> zu entdecken.<\/span><\/p>\n<p data-start=\"701\" data-end=\"799\">Lassen Sie sich \u00fcberraschen \u2013 und erleben Sie die V ANDY Bar im unverwechselbaren VOTUM-Style!<\/p>\n<\/div><div ><a class=\"fusion-button button-flat fusion-button-default-size button-custom fusion-button-default button-1 fusion-button-default-span fusion-button-default-type\" style=\"--awb-margin-bottom:10px;--button_accent_color:#000000;--button_border_color:#000000;--button_accent_hover_color:var(--awb-custom_color_1);--button_border_hover_color:var(--awb-custom_color_1);--button_gradient_top_color:var(--awb-color1);--button_gradient_bottom_color:var(--awb-color1);--button_gradient_top_color_hover:var(--awb-color1);--button_gradient_bottom_color_hover:var(--awb-color1);\" target=\"_self\" href=\"https:\/\/www.opentable.de\/restref\/client\/?restref=248394&amp;lang=de-DE&amp;ot_source=Restaurant%20website&amp;corrid=fcc3b10f-cb63-4f48-b422-c0b14c74b515\"><span class=\"fusion-button-text awb-button__text awb-button__text--default\">RESERVIEREN<\/span><\/a><\/div><div class=\"fusion-title title fusion-title-2 fusion-sep-none fusion-title-text fusion-title-size-three\" style=\"--awb-text-color:#ffffff;--awb-margin-top-small:10px;--awb-margin-right-small:0px;--awb-margin-bottom-small:10px;--awb-margin-left-small:0px;\"><h3 class=\"fusion-title-heading title-heading-left\" style=\"margin:0;\"><span style=\"font-family: 'Playfair Display'; font-weight: 400;\" data-fusion-font=\"true\" data-fusion-google-font=\"Playfair Display\" data-fusion-google-variant=\"400\">Ein Abend.<br \/>\nZwei K\u00fcchen.<br \/>\n<\/span><\/h3><\/div><div class=\"fusion-text fusion-text-2\" style=\"--awb-font-size:16px;--awb-text-color:#ffffff;\"><p data-start=\"701\" data-end=\"799\">Genie\u00dfen Sie Ihren Abend im Schorse nebenan und im Votum. Mittwoch bis Samstag ab 21.00 Uhr, wechseln Sie an die V Andy Bar.<\/p>\n<p data-start=\"701\" data-end=\"799\">In dieser Kombination kostet unser kulinarisches Angebot f\u00fcr die V Andy Bar nur 49\u20ac.<\/p>\n<\/div><div class=\"fusion-text fusion-text-3\" style=\"--awb-font-size:16px;--awb-text-color:#ffffff;\"><p class=\"p1\">Bei der Reservierung bitte \u201aVandy Bar\u2018 angeben.\u201c<\/p>\n<\/div><div ><a class=\"fusion-button button-flat fusion-button-default-size button-custom fusion-button-default button-2 fusion-button-default-span fusion-button-default-type\" style=\"--awb-margin-bottom:10px;--button_accent_color:#000000;--button_border_color:#000000;--button_accent_hover_color:var(--awb-custom_color_1);--button_border_hover_color:var(--awb-custom_color_1);--button_gradient_top_color:var(--awb-color1);--button_gradient_bottom_color:var(--awb-color1);--button_gradient_top_color_hover:var(--awb-color1);--button_gradient_bottom_color_hover:var(--awb-color1);\" target=\"_self\" href=\"https:\/\/gastronaut.ai\/reservations\/schorse-leineschloss\"><span class=\"fusion-button-text awb-button__text awb-button__text--default\">RESERVIEREN<\/span><\/a><\/div><\/div><\/div><\/div><\/div><\/div><\/div><\/div><div class=\"fusion-fullwidth fullwidth-box fusion-builder-row-2 fusion-flex-container has-pattern-background has-mask-background nonhundred-percent-fullwidth non-hundred-percent-height-scrolling\" style=\"--awb-border-radius-top-left:0px;--awb-border-radius-top-right:0px;--awb-border-radius-bottom-right:0px;--awb-border-radius-bottom-left:0px;--awb-flex-wrap:wrap;\" ><div class=\"fusion-builder-row fusion-row fusion-flex-align-items-flex-start fusion-flex-content-wrap\" style=\"max-width:1248px;margin-left: calc(-4% \/ 2 );margin-right: calc(-4% \/ 2 );\"><div class=\"fusion-layout-column fusion_builder_column fusion-builder-column-1 fusion_builder_column_1_4 1_4 fusion-flex-column\" style=\"--awb-bg-size:cover;--awb-width-large:25%;--awb-margin-top-large:0px;--awb-spacing-right-large:7.68%;--awb-margin-bottom-large:20px;--awb-spacing-left-large:7.68%;--awb-width-medium:25%;--awb-order-medium:0;--awb-spacing-right-medium:7.68%;--awb-spacing-left-medium:7.68%;--awb-width-small:100%;--awb-order-small:0;--awb-spacing-right-small:1.92%;--awb-spacing-left-small:1.92%;\"><div class=\"fusion-column-wrapper fusion-column-has-shadow fusion-flex-justify-content-flex-start fusion-content-layout-column\"><div class=\"fusion-image-element \" style=\"--awb-caption-title-font-family:var(--h2_typography-font-family);--awb-caption-title-font-weight:var(--h2_typography-font-weight);--awb-caption-title-font-style:var(--h2_typography-font-style);--awb-caption-title-size:var(--h2_typography-font-size);--awb-caption-title-transform:var(--h2_typography-text-transform);--awb-caption-title-line-height:var(--h2_typography-line-height);--awb-caption-title-letter-spacing:var(--h2_typography-letter-spacing);\"><span class=\" fusion-imageframe imageframe-none imageframe-1 hover-type-none\"><img decoding=\"async\" width=\"843\" height=\"1500\" title=\"151_01_Social_Media_Februar_Votum_Bild_10_250224_resized\" src=\"https:\/\/vo-tum.de\/wp-content\/uploads\/2025\/05\/151_01_Social_Media_Februar_Votum_Bild_10_250224_resized.jpg\" alt class=\"img-responsive wp-image-1015\" srcset=\"https:\/\/vo-tum.de\/wp-content\/uploads\/2025\/05\/151_01_Social_Media_Februar_Votum_Bild_10_250224_resized-200x356.jpg 200w, https:\/\/vo-tum.de\/wp-content\/uploads\/2025\/05\/151_01_Social_Media_Februar_Votum_Bild_10_250224_resized-400x712.jpg 400w, https:\/\/vo-tum.de\/wp-content\/uploads\/2025\/05\/151_01_Social_Media_Februar_Votum_Bild_10_250224_resized-600x1068.jpg 600w, https:\/\/vo-tum.de\/wp-content\/uploads\/2025\/05\/151_01_Social_Media_Februar_Votum_Bild_10_250224_resized-800x1423.jpg 800w, https:\/\/vo-tum.de\/wp-content\/uploads\/2025\/05\/151_01_Social_Media_Februar_Votum_Bild_10_250224_resized.jpg 843w\" sizes=\"(max-width: 640px) 100vw, 400px\" \/><\/span><\/div><\/div><\/div><div class=\"fusion-layout-column fusion_builder_column fusion-builder-column-2 fusion_builder_column_1_4 1_4 fusion-flex-column\" style=\"--awb-bg-size:cover;--awb-width-large:25%;--awb-margin-top-large:0px;--awb-spacing-right-large:7.68%;--awb-margin-bottom-large:20px;--awb-spacing-left-large:7.68%;--awb-width-medium:25%;--awb-order-medium:0;--awb-spacing-right-medium:7.68%;--awb-spacing-left-medium:7.68%;--awb-width-small:100%;--awb-order-small:0;--awb-spacing-right-small:1.92%;--awb-spacing-left-small:1.92%;\"><div class=\"fusion-column-wrapper fusion-column-has-shadow fusion-flex-justify-content-flex-start fusion-content-layout-column\"><div class=\"fusion-image-element \" style=\"--awb-caption-title-font-family:var(--h2_typography-font-family);--awb-caption-title-font-weight:var(--h2_typography-font-weight);--awb-caption-title-font-style:var(--h2_typography-font-style);--awb-caption-title-size:var(--h2_typography-font-size);--awb-caption-title-transform:var(--h2_typography-text-transform);--awb-caption-title-line-height:var(--h2_typography-line-height);--awb-caption-title-letter-spacing:var(--h2_typography-letter-spacing);\"><span class=\" fusion-imageframe imageframe-none imageframe-2 hover-type-none\"><img decoding=\"async\" width=\"843\" height=\"1500\" title=\"151_01_Social_Media_Februar_Votum_Bild_01_250224_resized\" src=\"https:\/\/vo-tum.de\/wp-content\/uploads\/2025\/05\/151_01_Social_Media_Februar_Votum_Bild_01_250224_resized.jpg\" alt class=\"img-responsive wp-image-1009\" srcset=\"https:\/\/vo-tum.de\/wp-content\/uploads\/2025\/05\/151_01_Social_Media_Februar_Votum_Bild_01_250224_resized-200x356.jpg 200w, https:\/\/vo-tum.de\/wp-content\/uploads\/2025\/05\/151_01_Social_Media_Februar_Votum_Bild_01_250224_resized-400x712.jpg 400w, https:\/\/vo-tum.de\/wp-content\/uploads\/2025\/05\/151_01_Social_Media_Februar_Votum_Bild_01_250224_resized-600x1068.jpg 600w, https:\/\/vo-tum.de\/wp-content\/uploads\/2025\/05\/151_01_Social_Media_Februar_Votum_Bild_01_250224_resized-800x1423.jpg 800w, https:\/\/vo-tum.de\/wp-content\/uploads\/2025\/05\/151_01_Social_Media_Februar_Votum_Bild_01_250224_resized.jpg 843w\" sizes=\"(max-width: 640px) 100vw, 400px\" \/><\/span><\/div><\/div><\/div><div class=\"fusion-layout-column fusion_builder_column fusion-builder-column-3 fusion_builder_column_1_4 1_4 fusion-flex-column\" style=\"--awb-bg-size:cover;--awb-width-large:25%;--awb-margin-top-large:0px;--awb-spacing-right-large:7.68%;--awb-margin-bottom-large:20px;--awb-spacing-left-large:7.68%;--awb-width-medium:25%;--awb-order-medium:0;--awb-spacing-right-medium:7.68%;--awb-spacing-left-medium:7.68%;--awb-width-small:100%;--awb-order-small:0;--awb-spacing-right-small:1.92%;--awb-spacing-left-small:1.92%;\"><div class=\"fusion-column-wrapper fusion-column-has-shadow fusion-flex-justify-content-flex-start fusion-content-layout-column\"><div class=\"fusion-image-element \" style=\"--awb-caption-title-font-family:var(--h2_typography-font-family);--awb-caption-title-font-weight:var(--h2_typography-font-weight);--awb-caption-title-font-style:var(--h2_typography-font-style);--awb-caption-title-size:var(--h2_typography-font-size);--awb-caption-title-transform:var(--h2_typography-text-transform);--awb-caption-title-line-height:var(--h2_typography-line-height);--awb-caption-title-letter-spacing:var(--h2_typography-letter-spacing);\"><span class=\" fusion-imageframe imageframe-none imageframe-3 hover-type-none\"><img decoding=\"async\" width=\"843\" height=\"1500\" title=\"151_01_Social_Media_Februar_Votum_Bild_04_250224_resized\" src=\"https:\/\/vo-tum.de\/wp-content\/uploads\/2025\/05\/151_01_Social_Media_Februar_Votum_Bild_04_250224_resized.jpg\" alt class=\"img-responsive wp-image-1011\" srcset=\"https:\/\/vo-tum.de\/wp-content\/uploads\/2025\/05\/151_01_Social_Media_Februar_Votum_Bild_04_250224_resized-200x356.jpg 200w, https:\/\/vo-tum.de\/wp-content\/uploads\/2025\/05\/151_01_Social_Media_Februar_Votum_Bild_04_250224_resized-400x712.jpg 400w, https:\/\/vo-tum.de\/wp-content\/uploads\/2025\/05\/151_01_Social_Media_Februar_Votum_Bild_04_250224_resized-600x1068.jpg 600w, https:\/\/vo-tum.de\/wp-content\/uploads\/2025\/05\/151_01_Social_Media_Februar_Votum_Bild_04_250224_resized-800x1423.jpg 800w, https:\/\/vo-tum.de\/wp-content\/uploads\/2025\/05\/151_01_Social_Media_Februar_Votum_Bild_04_250224_resized.jpg 843w\" sizes=\"(max-width: 640px) 100vw, 400px\" \/><\/span><\/div><\/div><\/div><div class=\"fusion-layout-column fusion_builder_column fusion-builder-column-4 fusion_builder_column_1_4 1_4 fusion-flex-column\" style=\"--awb-bg-size:cover;--awb-width-large:25%;--awb-margin-top-large:0px;--awb-spacing-right-large:7.68%;--awb-margin-bottom-large:20px;--awb-spacing-left-large:7.68%;--awb-width-medium:25%;--awb-order-medium:0;--awb-spacing-right-medium:7.68%;--awb-spacing-left-medium:7.68%;--awb-width-small:100%;--awb-order-small:0;--awb-spacing-right-small:1.92%;--awb-spacing-left-small:1.92%;\"><div class=\"fusion-column-wrapper fusion-column-has-shadow fusion-flex-justify-content-flex-start fusion-content-layout-column\"><div class=\"fusion-image-element \" style=\"--awb-caption-title-font-family:var(--h2_typography-font-family);--awb-caption-title-font-weight:var(--h2_typography-font-weight);--awb-caption-title-font-style:var(--h2_typography-font-style);--awb-caption-title-size:var(--h2_typography-font-size);--awb-caption-title-transform:var(--h2_typography-text-transform);--awb-caption-title-line-height:var(--h2_typography-line-height);--awb-caption-title-letter-spacing:var(--h2_typography-letter-spacing);\"><span class=\" fusion-imageframe imageframe-none imageframe-4 hover-type-none\"><img decoding=\"async\" width=\"843\" height=\"1500\" title=\"151_01_Social_Media_Februar_Votum_Bild_09_250224_resized\" src=\"https:\/\/vo-tum.de\/wp-content\/uploads\/2025\/05\/151_01_Social_Media_Februar_Votum_Bild_09_250224_resized.jpg\" alt class=\"img-responsive wp-image-1014\" srcset=\"https:\/\/vo-tum.de\/wp-content\/uploads\/2025\/05\/151_01_Social_Media_Februar_Votum_Bild_09_250224_resized-200x356.jpg 200w, https:\/\/vo-tum.de\/wp-content\/uploads\/2025\/05\/151_01_Social_Media_Februar_Votum_Bild_09_250224_resized-400x712.jpg 400w, https:\/\/vo-tum.de\/wp-content\/uploads\/2025\/05\/151_01_Social_Media_Februar_Votum_Bild_09_250224_resized-600x1068.jpg 600w, https:\/\/vo-tum.de\/wp-content\/uploads\/2025\/05\/151_01_Social_Media_Februar_Votum_Bild_09_250224_resized-800x1423.jpg 800w, https:\/\/vo-tum.de\/wp-content\/uploads\/2025\/05\/151_01_Social_Media_Februar_Votum_Bild_09_250224_resized.jpg 843w\" sizes=\"(max-width: 640px) 100vw, 400px\" \/><\/span><\/div><\/div><\/div><\/div><\/div><\/p>\n","protected":false},"excerpt":{"rendered":"","protected":false},"author":1,"featured_media":0,"parent":0,"menu_order":0,"comment_status":"closed","ping_status":"closed","template":"100-width.php","meta":{"_acf_changed":false,"footnotes":""},"class_list":["post-1003","page","type-page","status-publish","hentry"],"acf":[],"yoast_head":"<!-- This site is optimized with the Yoast SEO plugin v27.6 - https:\/\/yoast.com\/product\/yoast-seo-wordpress\/ -->\n<title>V ANDY Bar - Votum Hannover<\/title>\n<meta name=\"robots\" content=\"index, follow, max-snippet:-1, max-image-preview:large, max-video-preview:-1\" \/>\n<link rel=\"canonical\" href=\"https:\/\/vo-tum.de\/en\/v-andy-bar\/\" \/>\n<meta property=\"og:locale\" content=\"en_GB\" \/>\n<meta property=\"og:type\" content=\"article\" \/>\n<meta property=\"og:title\" content=\"V ANDY Bar - Votum Hannover\" \/>\n<meta property=\"og:url\" content=\"https:\/\/vo-tum.de\/en\/v-andy-bar\/\" \/>\n<meta property=\"og:site_name\" content=\"Votum Hannover\" \/>\n<meta property=\"article:modified_time\" content=\"2025-07-15T14:09:09+00:00\" \/>\n<meta name=\"twitter:card\" content=\"summary_large_image\" \/>\n<meta name=\"twitter:label1\" content=\"Estimated reading time\" \/>\n\t<meta name=\"twitter:data1\" content=\"2 minutes\" \/>\n<script type=\"application\/ld+json\" class=\"yoast-schema-graph\">{\"@context\":\"https:\\\/\\\/schema.org\",\"@graph\":[{\"@type\":\"WebPage\",\"@id\":\"https:\\\/\\\/vo-tum.de\\\/v-andy-bar\\\/\",\"url\":\"https:\\\/\\\/vo-tum.de\\\/v-andy-bar\\\/\",\"name\":\"V ANDY Bar - Votum Hannover\",\"isPartOf\":{\"@id\":\"https:\\\/\\\/vo-tum.de\\\/#website\"},\"datePublished\":\"2025-05-07T19:19:57+00:00\",\"dateModified\":\"2025-07-15T14:09:09+00:00\",\"breadcrumb\":{\"@id\":\"https:\\\/\\\/vo-tum.de\\\/v-andy-bar\\\/#breadcrumb\"},\"inLanguage\":\"en-GB\",\"potentialAction\":[{\"@type\":\"ReadAction\",\"target\":[\"https:\\\/\\\/vo-tum.de\\\/v-andy-bar\\\/\"]}]},{\"@type\":\"BreadcrumbList\",\"@id\":\"https:\\\/\\\/vo-tum.de\\\/v-andy-bar\\\/#breadcrumb\",\"itemListElement\":[{\"@type\":\"ListItem\",\"position\":1,\"name\":\"Startseite\",\"item\":\"https:\\\/\\\/vo-tum.de\\\/\"},{\"@type\":\"ListItem\",\"position\":2,\"name\":\"V ANDY Bar\"}]},{\"@type\":\"WebSite\",\"@id\":\"https:\\\/\\\/vo-tum.de\\\/#website\",\"url\":\"https:\\\/\\\/vo-tum.de\\\/\",\"name\":\"Votum Hannover\",\"description\":\"Gourmetrestaurant in Hannover\",\"potentialAction\":[{\"@type\":\"SearchAction\",\"target\":{\"@type\":\"EntryPoint\",\"urlTemplate\":\"https:\\\/\\\/vo-tum.de\\\/?s={search_term_string}\"},\"query-input\":{\"@type\":\"PropertyValueSpecification\",\"valueRequired\":true,\"valueName\":\"search_term_string\"}}],\"inLanguage\":\"en-GB\"}]}<\/script>\n<!-- \/ Yoast SEO plugin. -->","yoast_head_json":{"title":"V ANDY Bar - Votum Hannover","robots":{"index":"index","follow":"follow","max-snippet":"max-snippet:-1","max-image-preview":"max-image-preview:large","max-video-preview":"max-video-preview:-1"},"canonical":"https:\/\/vo-tum.de\/en\/v-andy-bar\/","og_locale":"en_GB","og_type":"article","og_title":"V ANDY Bar - Votum Hannover","og_url":"https:\/\/vo-tum.de\/en\/v-andy-bar\/","og_site_name":"Votum Hannover","article_modified_time":"2025-07-15T14:09:09+00:00","twitter_card":"summary_large_image","twitter_misc":{"Estimated reading time":"2 minutes"},"schema":{"@context":"https:\/\/schema.org","@graph":[{"@type":"WebPage","@id":"https:\/\/vo-tum.de\/v-andy-bar\/","url":"https:\/\/vo-tum.de\/v-andy-bar\/","name":"V ANDY Bar - Votum Hannover","isPartOf":{"@id":"https:\/\/vo-tum.de\/#website"},"datePublished":"2025-05-07T19:19:57+00:00","dateModified":"2025-07-15T14:09:09+00:00","breadcrumb":{"@id":"https:\/\/vo-tum.de\/v-andy-bar\/#breadcrumb"},"inLanguage":"en-GB","potentialAction":[{"@type":"ReadAction","target":["https:\/\/vo-tum.de\/v-andy-bar\/"]}]},{"@type":"BreadcrumbList","@id":"https:\/\/vo-tum.de\/v-andy-bar\/#breadcrumb","itemListElement":[{"@type":"ListItem","position":1,"name":"Startseite","item":"https:\/\/vo-tum.de\/"},{"@type":"ListItem","position":2,"name":"V ANDY Bar"}]},{"@type":"WebSite","@id":"https:\/\/vo-tum.de\/#website","url":"https:\/\/vo-tum.de\/","name":"Votum Hannover","description":"Gourmetrestaurant in Hannover","potentialAction":[{"@type":"SearchAction","target":{"@type":"EntryPoint","urlTemplate":"https:\/\/vo-tum.de\/?s={search_term_string}"},"query-input":{"@type":"PropertyValueSpecification","valueRequired":true,"valueName":"search_term_string"}}],"inLanguage":"en-GB"}]}},"_links":{"self":[{"href":"https:\/\/vo-tum.de\/en\/wp-json\/wp\/v2\/pages\/1003","targetHints":{"allow":["GET"]}}],"collection":[{"href":"https:\/\/vo-tum.de\/en\/wp-json\/wp\/v2\/pages"}],"about":[{"href":"https:\/\/vo-tum.de\/en\/wp-json\/wp\/v2\/types\/page"}],"author":[{"embeddable":true,"href":"https:\/\/vo-tum.de\/en\/wp-json\/wp\/v2\/users\/1"}],"replies":[{"embeddable":true,"href":"https:\/\/vo-tum.de\/en\/wp-json\/wp\/v2\/comments?post=1003"}],"version-history":[{"count":10,"href":"https:\/\/vo-tum.de\/en\/wp-json\/wp\/v2\/pages\/1003\/revisions"}],"predecessor-version":[{"id":1110,"href":"https:\/\/vo-tum.de\/en\/wp-json\/wp\/v2\/pages\/1003\/revisions\/1110"}],"wp:attachment":[{"href":"https:\/\/vo-tum.de\/en\/wp-json\/wp\/v2\/media?parent=1003"}],"curies":[{"name":"wp","href":"https:\/\/api.w.org\/{rel}","templated":true}]}}